{"id":1889,"date":"2025-03-04T12:45:54","date_gmt":"2025-03-04T10:45:54","guid":{"rendered":"https:\/\/mariposaholidays.com\/?page_id=1889"},"modified":"2025-03-04T15:59:31","modified_gmt":"2025-03-04T13:59:31","slug":"contact","status":"publish","type":"page","link":"https:\/\/mariposaholidays.com\/es\/contact\/","title":{"rendered":"Contacto"},"content":{"rendered":"<div data-elementor-type=\"wp-page\" data-elementor-id=\"1889\" class=\"elementor elementor-1889\" data-elementor-post-type=\"page\">\n\t\t\t\t<div class=\"elementor-element elementor-element-783f963 e-flex e-con-boxed e-con e-parent\" data-id=\"783f963\" data-element_type=\"container\" data-e-type=\"container\" data-settings=\"{&quot;background_background&quot;:&quot;classic&quot;,&quot;shape_divider_bottom&quot;:&quot;mountains&quot;}\">\n\t\t\t\t\t<div class=\"e-con-inner\">\n\t\t\t\t<div class=\"elementor-shape elementor-shape-bottom\" aria-hidden=\"true\" data-negative=\"false\">\n\t\t\t<svg xmlns=\"http:\/\/www.w3.org\/2000\/svg\" viewbox=\"0 0 1000 100\" preserveaspectratio=\"none\">\n\t<path class=\"elementor-shape-fill\" opacity=\"0.33\" d=\"M473,67.3c-203.9,88.3-263.1-34-320.3,0C66,119.1,0,59.7,0,59.7V0h1000v59.7 c0,0-62.1,26.1-94.9,29.3c-32.8,3.3-62.8-12.3-75.8-22.1C806,49.6,745.3,8.7,694.9,4.7S492.4,59,473,67.3z\"\/>\n\t<path class=\"elementor-shape-fill\" opacity=\"0.66\" d=\"M734,67.3c-45.5,0-77.2-23.2-129.1-39.1c-28.6-8.7-150.3-10.1-254,39.1 s-91.7-34.4-149.2,0C115.7,118.3,0,39.8,0,39.8V0h1000v36.5c0,0-28.2-18.5-92.1-18.5C810.2,18.1,775.7,67.3,734,67.3z\"\/>\n\t<path class=\"elementor-shape-fill\" d=\"M766.1,28.9c-200-57.5-266,65.5-395.1,19.5C242,1.8,242,5.4,184.8,20.6C128,35.8,132.3,44.9,89.9,52.5C28.6,63.7,0,0,0,0 h1000c0,0-9.9,40.9-83.6,48.1S829.6,47,766.1,28.9z\"\/>\n<\/svg>\t\t<\/div>\n\t\t<div class=\"elementor-element elementor-element-81649a9 e-con-full e-flex e-con e-child\" data-id=\"81649a9\" data-element_type=\"container\" data-e-type=\"container\">\n\t\t<div class=\"elementor-element elementor-element-c78f1c7 e-con-full e-flex e-con e-child\" data-id=\"c78f1c7\" data-element_type=\"container\" data-e-type=\"container\">\n\t\t\t\t<div class=\"elementor-element elementor-element-30e1d0e elementor-widget elementor-widget-heading\" data-id=\"30e1d0e\" data-element_type=\"widget\" data-e-type=\"widget\" data-widget_type=\"heading.default\">\n\t\t\t\t<div class=\"elementor-widget-container\">\n\t\t\t\t\t<h1 class=\"elementor-heading-title elementor-size-default\">Contacto<\/h1>\t\t\t\t<\/div>\n\t\t\t\t<\/div>\n\t\t\t\t<div class=\"elementor-element elementor-element-1f33f78 elementor-widget elementor-widget-text-editor\" data-id=\"1f33f78\" data-element_type=\"widget\" data-e-type=\"widget\" data-widget_type=\"text-editor.default\">\n\t\t\t\t<div class=\"elementor-widget-container\">\n\t\t\t\t\t\t\t\t\t\u00bfTiene preguntas o necesita ayuda? Estamos aqu\u00ed para ayudarle - p\u00f3ngase en contacto con nosotros y comience hoy mismo sus vacaciones en Nerja.\t\t\t\t\t\t\t\t<\/div>\n\t\t\t\t<\/div>\n\t\t\t\t<\/div>\n\t\t<div class=\"elementor-element elementor-element-bd6ade9 e-con-full e-flex e-con e-child\" data-id=\"bd6ade9\" data-element_type=\"container\" data-e-type=\"container\">\n\t\t\t\t<div class=\"elementor-element elementor-element-082c6b0 elementor-align-left elementor-widget elementor-widget-button\" data-id=\"082c6b0\" data-element_type=\"widget\" data-e-type=\"widget\" data-widget_type=\"button.default\">\n\t\t\t\t<div class=\"elementor-widget-container\">\n\t\t\t\t\t\t\t\t\t<div class=\"elementor-button-wrapper\">\n\t\t\t\t\t<a class=\"elementor-button elementor-button-link elementor-size-sm\" href=\"#contact\">\n\t\t\t\t\t\t<span class=\"elementor-button-content-wrapper\">\n\t\t\t\t\t\t\t\t\t<span class=\"elementor-button-text\">P\u00f3ngase en contacto<\/span>\n\t\t\t\t\t<\/span>\n\t\t\t\t\t<\/a>\n\t\t\t\t<\/div>\n\t\t\t\t\t\t\t\t<\/div>\n\t\t\t\t<\/div>\n\t\t\t\t<\/div>\n\t\t\t\t<\/div>\n\t\t<div class=\"elementor-element elementor-element-4e10e7f e-con-full e-flex e-con e-child\" data-id=\"4e10e7f\" data-element_type=\"container\" data-e-type=\"container\">\n\t\t\t\t<div class=\"elementor-element elementor-element-6fe1245 elementor-widget elementor-widget-image\" data-id=\"6fe1245\" data-element_type=\"widget\" data-e-type=\"widget\" data-widget_type=\"image.default\">\n\t\t\t\t<div class=\"elementor-widget-container\">\n\t\t\t\t\t\t\t\t\t\t\t\t\t\t\t<img fetchpriority=\"high\" decoding=\"async\" width=\"800\" height=\"450\" src=\"https:\/\/mariposaholidays.com\/wp-content\/uploads\/2025\/01\/a-124-1030x579.jpg\" class=\"attachment-large size-large wp-image-1548\" alt=\"\" srcset=\"https:\/\/mariposaholidays.com\/wp-content\/uploads\/2025\/01\/a-124-1030x579.jpg 1030w, https:\/\/mariposaholidays.com\/wp-content\/uploads\/2025\/01\/a-124-300x169.jpg 300w, https:\/\/mariposaholidays.com\/wp-content\/uploads\/2025\/01\/a-124-768x432.jpg 768w, https:\/\/mariposaholidays.com\/wp-content\/uploads\/2025\/01\/a-124-1536x864.jpg 1536w, https:\/\/mariposaholidays.com\/wp-content\/uploads\/2025\/01\/a-124-2048x1152.jpg 2048w, https:\/\/mariposaholidays.com\/wp-content\/uploads\/2025\/01\/a-124-1500x844.jpg 1500w, https:\/\/mariposaholidays.com\/wp-content\/uploads\/2025\/01\/a-124-705x397.jpg 705w\" sizes=\"(max-width: 800px) 100vw, 800px\" \/>\t\t\t\t\t\t\t\t\t\t\t\t\t\t\t<\/div>\n\t\t\t\t<\/div>\n\t\t\t\t<\/div>\n\t\t\t\t\t<\/div>\n\t\t\t\t<\/div>\n\t\t<div class=\"elementor-element elementor-element-28998e0 e-flex e-con-boxed e-con e-parent\" data-id=\"28998e0\" data-element_type=\"container\" data-e-type=\"container\" data-settings=\"{&quot;background_background&quot;:&quot;classic&quot;}\">\n\t\t\t\t\t<div class=\"e-con-inner\">\n\t\t<div class=\"elementor-element elementor-element-506005e e-con-full e-flex e-con e-child\" data-id=\"506005e\" data-element_type=\"container\" data-e-type=\"container\">\n\t\t<div class=\"elementor-element elementor-element-4d0c419 e-con-full e-flex e-con e-child\" data-id=\"4d0c419\" data-element_type=\"container\" data-e-type=\"container\">\n\t\t\t\t<div class=\"elementor-element elementor-element-2dbbfe6 elementor-widget elementor-widget-heading\" data-id=\"2dbbfe6\" data-element_type=\"widget\" data-e-type=\"widget\" data-widget_type=\"heading.default\">\n\t\t\t\t<div class=\"elementor-widget-container\">\n\t\t\t\t\t<h2 class=\"elementor-heading-title elementor-size-default\">P\u00f3ngase en contacto con nosotros<\/h2>\t\t\t\t<\/div>\n\t\t\t\t<\/div>\n\t\t\t\t<div class=\"elementor-element elementor-element-6ad4101 elementor-widget elementor-widget-text-editor\" data-id=\"6ad4101\" data-element_type=\"widget\" data-e-type=\"widget\" data-widget_type=\"text-editor.default\">\n\t\t\t\t<div class=\"elementor-widget-container\">\n\t\t\t\t\t\t\t\t\t\u00bfTiene alguna pregunta sobre nuestras casas de vacaciones en Nerja? No dude en ponerse en contacto con nosotros, \u00a1estaremos encantados de ayudarle!\t\t\t\t\t\t\t\t<\/div>\n\t\t\t\t<\/div>\n\t\t\t\t<\/div>\n\t\t<div class=\"elementor-element elementor-element-e741c4b e-con-full e-flex e-con e-child\" data-id=\"e741c4b\" data-element_type=\"container\" data-e-type=\"container\">\n\t\t\t\t<div class=\"elementor-element elementor-element-8e32922 elementor-widget elementor-widget-heading\" data-id=\"8e32922\" data-element_type=\"widget\" data-e-type=\"widget\" data-widget_type=\"heading.default\">\n\t\t\t\t<div class=\"elementor-widget-container\">\n\t\t\t\t\t<h2 class=\"elementor-heading-title elementor-size-default\">Informaci\u00f3n de contacto<\/h2>\t\t\t\t<\/div>\n\t\t\t\t<\/div>\n\t\t\t\t<div class=\"elementor-element elementor-element-9596e95 elementor-icon-list--layout-traditional elementor-list-item-link-full_width elementor-widget elementor-widget-icon-list\" data-id=\"9596e95\" data-element_type=\"widget\" data-e-type=\"widget\" data-widget_type=\"icon-list.default\">\n\t\t\t\t<div class=\"elementor-widget-container\">\n\t\t\t\t\t\t\t<ul class=\"elementor-icon-list-items\">\n\t\t\t\t\t\t\t<li class=\"elementor-icon-list-item\">\n\t\t\t\t\t\t\t\t\t\t\t<a href=\"tel:+34665321612\">\n\n\t\t\t\t\t\t\t\t\t\t\t<span class=\"elementor-icon-list-text\">Ll\u00e1menos: +34 665 321 612<\/span>\n\t\t\t\t\t\t\t\t\t\t\t<\/a>\n\t\t\t\t\t\t\t\t\t<\/li>\n\t\t\t\t\t\t\t\t<li class=\"elementor-icon-list-item\">\n\t\t\t\t\t\t\t\t\t\t\t<a href=\"mailto:katti@mariposaholidays.com\">\n\n\t\t\t\t\t\t\t\t\t\t\t<span class=\"elementor-icon-list-text\">Env\u00edenos un correo electr\u00f3nico: katti@mariposaholidays.com<\/span>\n\t\t\t\t\t\t\t\t\t\t\t<\/a>\n\t\t\t\t\t\t\t\t\t<\/li>\n\t\t\t\t\t\t\t\t<li class=\"elementor-icon-list-item\">\n\t\t\t\t\t\t\t\t\t\t\t<a href=\"mailto:katti@mariposaholidays.com\">\n\n\t\t\t\t\t\t\t\t\t\t\t<span class=\"elementor-icon-list-text\">Direcci\u00f3n: 29780 Nerja, Espa\u00f1a<\/span>\n\t\t\t\t\t\t\t\t\t\t\t<\/a>\n\t\t\t\t\t\t\t\t\t<\/li>\n\t\t\t\t\t\t<\/ul>\n\t\t\t\t\t\t<\/div>\n\t\t\t\t<\/div>\n\t\t\t\t<\/div>\n\t\t\t\t<\/div>\n\t\t<div class=\"elementor-element elementor-element-3e536de e-con-full e-flex e-con e-child\" data-id=\"3e536de\" data-element_type=\"container\" data-e-type=\"container\" id=\"contact\" data-settings=\"{&quot;background_background&quot;:&quot;classic&quot;}\">\n\t\t\t\t<div class=\"elementor-element elementor-element-9c13673 elementor-widget elementor-widget-jet-form-builder-form\" data-id=\"9c13673\" data-element_type=\"widget\" data-e-type=\"widget\" data-widget_type=\"jet-form-builder-form.default\">\n\t\t\t\t<div class=\"elementor-widget-container\">\n\t\t\t\t\t<link rel='stylesheet' id='wp-block-library-css' href='https:\/\/mariposaholidays.com\/wp-includes\/css\/dist\/block-library\/style.min.css?ver=6.9.4' media='all' \/>\n<style id=\"jet-form-builder-1899-inline-css\"><\/style><form  class=\"jet-form-builder layout-column submit-type-reload\" action=\"https:\/\/mariposaholidays.com\/es\/wp-json\/wp\/v2\/pages\/1889\/?2eHEfJ=sIojlgv14N&#038;method=reload\" method=\"POST\" data-form-id=\"1899\" data-layout=\"column\" enctype=\"multipart\/form-data\" novalidate=\"null\" ssr_validation_method=\"rest\" data-trp-original-action=\"https:\/\/mariposaholidays.com\/es\/wp-json\/wp\/v2\/pages\/1889\/?2eHEfJ=sIojlgv14N&amp;method=reload\"><input type=\"hidden\" id=\"_wpnonce\" name=\"_wpnonce\" value=\"221e447c8f\" \/><input type=\"hidden\" name=\"_wp_http_referer\" value=\"\/es\/wp-json\/wp\/v2\/pages\/1889\" \/>\r\n<input type=\"hidden\" name=\"_jfb_current_render_states[]\" value=\"DEFAULT.STATE\" data-jfb-sync \/><input type=\"hidden\" class=\"jet-form-builder__field hidden-field\" name=\"_jet_engine_booking_form_id\" data-field-name=\"_jet_engine_booking_form_id\" value=\"1899\">\n<input type=\"hidden\" class=\"jet-form-builder__field hidden-field\" name=\"_jet_engine_refer\" data-field-name=\"_jet_engine_refer\" value=\"https:\/\/mariposaholidays.com\/es\/wp-json\/wp\/v2\/pages\/1889\/\">\n<input type=\"hidden\" class=\"jet-form-builder__field hidden-field\" name=\"__queried_post_id\" data-field-name=\"__queried_post_id\" value=\"1889\">\n\n\n<div  class=\"jet-form-builder-row field-type-text-field\" >\n<div class=\"jet-form-builder__label\">\r\n<div class=\"jet-form-builder__label-text\">Nombre y apellidos <span class=\"jet-form-builder__required\">*<\/span><\/div><\/div><div class=\"jet-form-builder__field-wrap\">\n\t\t\t\t<input placeholder=\"Introduzca su nombre\" required=\"required\" name=\"name\" id=\"name\" type=\"text\" data-field-name=\"name\" class=\"jet-form-builder__field text-field\" data-jfb-sync=\"null\" autocomplete=\"off_JAbyTWzC\">\n\t\t\t\t\t<\/div>\n<\/div>\n\n<div  class=\"jet-form-builder-row field-type-text-field\" >\n<div class=\"jet-form-builder__label\">\r\n<div class=\"jet-form-builder__label-text\">Direcci\u00f3n de correo electr\u00f3nico <span class=\"jet-form-builder__required\">*<\/span><\/div><\/div><div class=\"jet-form-builder__field-wrap\">\n\t\t\t\t<input placeholder=\"example@email.com\" required=\"required\" name=\"email_address\" id=\"email_address\" type=\"email\" data-field-name=\"email_address\" class=\"jet-form-builder__field text-field\" data-jfb-sync=\"null\" autocomplete=\"off_fMY3DFxA\">\n\t\t\t\t\t<\/div>\n<\/div>\n\n<div  class=\"jet-form-builder-row field-type-text-field\" >\n<div class=\"jet-form-builder__label\">\r\n<div class=\"jet-form-builder__label-text\">N\u00famero de tel\u00e9fono<\/div><\/div><div class=\"jet-form-builder__field-wrap\">\n\t\t\t\t<input placeholder=\"+34 123 456 789\" name=\"phone_number\" id=\"phone_number\" type=\"tel\" data-field-name=\"phone_number\" class=\"jet-form-builder__field text-field\" data-jfb-sync=\"null\" autocomplete=\"off_y3R6K5Im\">\n\t\t\t\t\t<\/div>\n<\/div>\n\n<div  class=\"jet-form-builder-row field-type-select-field wp-block-jet-forms-select-field\">\n<div class=\"jet-form-builder__label\">\r\n<div class=\"jet-form-builder__label-text\">Asunto <span class=\"jet-form-builder__required\">*<\/span><\/div><\/div><div class=\"jet-form-builder__field-wrap\">\n\t<select class=\"jet-form-builder__field select-field\" required=\"required\" name=\"subject\" data-field-name=\"subject\" id=\"subject\" data-jfb-sync=\"null\">\n\t\t<option value=\"\"  selected>Seleccione un tema<\/option><option value=\"Availability Inquiry\" >Consulta de disponibilidad<\/option><option value=\"Pricing Information\" >Informaci\u00f3n sobre precios<\/option><option value=\"Booking Request\" >Solicitud de reserva<\/option><option value=\"General Question\" >Cuesti\u00f3n general<\/option>\t<\/select>\n<\/div>\n<\/div>\n\n<div  class=\"jet-form-builder-row field-type-textarea-field\" >\n<div class=\"jet-form-builder__label\">\r\n<div class=\"jet-form-builder__label-text\">Mensaje <span class=\"jet-form-builder__required\">*<\/span><\/div><\/div><div class=\"jet-form-builder__field-wrap\">\n\t\t<textarea class=\"jet-form-builder__field textarea-field\" placeholder=\"Escriba aqu\u00ed su mensaje...\" required=\"required\" name=\"message\" data-field-name=\"message\" id=\"message\" data-jfb-sync=\"null\"><\/textarea>\n\t<\/div>\n<\/div>\n\n<div  class=\"jet-form-builder-row field-type-submit-field\" >\n\t<div data-type=\"submit\" class=\"jet-form-builder__action-button-wrapper jet-form-builder__submit-wrap\">\n\t<button class=\"jet-form-builder__action-button jet-form-builder__submit submit-type-reload\" type=\"submit\">Enviar mensaje<\/button>\n\t<\/div>\n\t\n<\/div>\t<div class=\"jet-form-builder-messages-wrap\" data-form-id=\"1899\"><\/div>\n<input type=\"hidden\" name=\"trp-form-language\" value=\"es\"\/><\/form>\n\t\t\t\t<\/div>\n\t\t\t\t<\/div>\n\t\t\t\t<\/div>\n\t\t\t\t\t<\/div>\n\t\t\t\t<\/div>\n\t\t\t\t<\/div>","protected":false},"excerpt":{"rendered":"<p>Contact Have questions or need assistance? We\u2019re here to help \u2013 reach out and start your holiday experience in Nerja today! Get in contact Get in touch with us Have a question about our holiday homes in Nerja? Feel free to reach out \u2013 we\u2019re happy to help! Contactinformation Call us: +34 665 321 612 [&hellip;]<\/p>\n","protected":false},"author":4,"featured_media":0,"parent":0,"menu_order":0,"comment_status":"closed","ping_status":"closed","template":"elementor_header_footer","meta":{"footnotes":""},"class_list":["post-1889","page","type-page","status-publish","hentry"],"yoast_head":"<!-- This site is optimized with the Yoast SEO plugin v27.4 - https:\/\/yoast.com\/product\/yoast-seo-wordpress\/ -->\n<title>Contact - Mariposa Holidays<\/title>\n<meta name=\"description\" content=\"Contact Mariposa Holidays in Nerja, Spain. Call Katti or Rob, send an email, or visit our beautiful holiday homes with stunning sea views.\" \/>\n<meta name=\"robots\" content=\"index, follow, max-snippet:-1, max-image-preview:large, max-video-preview:-1\" \/>\n<link rel=\"canonical\" href=\"https:\/\/mariposaholidays.com\/es\/contact\/\" \/>\n<meta property=\"og:locale\" content=\"es_ES\" \/>\n<meta property=\"og:type\" content=\"article\" \/>\n<meta property=\"og:title\" content=\"Contact - Mariposa Holidays\" \/>\n<meta property=\"og:description\" content=\"Contact Mariposa Holidays in Nerja, Spain. Call Katti or Rob, send an email, or visit our beautiful holiday homes with stunning sea views.\" \/>\n<meta property=\"og:url\" content=\"https:\/\/mariposaholidays.com\/es\/contact\/\" \/>\n<meta property=\"og:site_name\" content=\"Mariposa Holidays\" \/>\n<meta property=\"article:publisher\" content=\"https:\/\/www.facebook.com\/mariposaholidays\/\" \/>\n<meta property=\"article:modified_time\" content=\"2025-03-04T13:59:31+00:00\" \/>\n<meta property=\"og:image\" content=\"https:\/\/mariposaholidays.com\/wp-content\/uploads\/2025\/01\/a-124-1030x579.jpg\" \/>\n\t<meta property=\"og:image:width\" content=\"1030\" \/>\n\t<meta property=\"og:image:height\" content=\"579\" \/>\n\t<meta property=\"og:image:type\" content=\"image\/jpeg\" \/>\n<meta name=\"twitter:card\" content=\"summary_large_image\" \/>\n<meta name=\"twitter:label1\" content=\"Tiempo de lectura\" \/>\n\t<meta name=\"twitter:data1\" content=\"1 minuto\" \/>\n<script type=\"application\/ld+json\" class=\"yoast-schema-graph\">{\"@context\":\"https:\\\/\\\/schema.org\",\"@graph\":[{\"@type\":\"WebPage\",\"@id\":\"https:\\\/\\\/mariposaholidays.com\\\/contact\\\/\",\"url\":\"https:\\\/\\\/mariposaholidays.com\\\/contact\\\/\",\"name\":\"Contact - Mariposa Holidays\",\"isPartOf\":{\"@id\":\"https:\\\/\\\/mariposaholidays.com\\\/#website\"},\"primaryImageOfPage\":{\"@id\":\"https:\\\/\\\/mariposaholidays.com\\\/contact\\\/#primaryimage\"},\"image\":{\"@id\":\"https:\\\/\\\/mariposaholidays.com\\\/contact\\\/#primaryimage\"},\"thumbnailUrl\":\"https:\\\/\\\/mariposaholidays.com\\\/wp-content\\\/uploads\\\/2025\\\/01\\\/a-124-1030x579.jpg\",\"datePublished\":\"2025-03-04T10:45:54+00:00\",\"dateModified\":\"2025-03-04T13:59:31+00:00\",\"description\":\"Contact Mariposa Holidays in Nerja, Spain. Call Katti or Rob, send an email, or visit our beautiful holiday homes with stunning sea views.\",\"breadcrumb\":{\"@id\":\"https:\\\/\\\/mariposaholidays.com\\\/contact\\\/#breadcrumb\"},\"inLanguage\":\"es\",\"potentialAction\":[{\"@type\":\"ReadAction\",\"target\":[\"https:\\\/\\\/mariposaholidays.com\\\/contact\\\/\"]}]},{\"@type\":\"ImageObject\",\"inLanguage\":\"es\",\"@id\":\"https:\\\/\\\/mariposaholidays.com\\\/contact\\\/#primaryimage\",\"url\":\"https:\\\/\\\/mariposaholidays.com\\\/wp-content\\\/uploads\\\/2025\\\/01\\\/a-124-1030x579.jpg\",\"contentUrl\":\"https:\\\/\\\/mariposaholidays.com\\\/wp-content\\\/uploads\\\/2025\\\/01\\\/a-124-1030x579.jpg\"},{\"@type\":\"BreadcrumbList\",\"@id\":\"https:\\\/\\\/mariposaholidays.com\\\/contact\\\/#breadcrumb\",\"itemListElement\":[{\"@type\":\"ListItem\",\"position\":1,\"name\":\"Home\",\"item\":\"https:\\\/\\\/mariposaholidays.com\\\/\"},{\"@type\":\"ListItem\",\"position\":2,\"name\":\"Contact\"}]},{\"@type\":\"WebSite\",\"@id\":\"https:\\\/\\\/mariposaholidays.com\\\/#website\",\"url\":\"https:\\\/\\\/mariposaholidays.com\\\/\",\"name\":\"Mariposa Holidays\",\"description\":\"Ferienh\u00e4user im Paradies mit traumhaften Meerblick\",\"publisher\":{\"@id\":\"https:\\\/\\\/mariposaholidays.com\\\/#organization\"},\"potentialAction\":[{\"@type\":\"SearchAction\",\"target\":{\"@type\":\"EntryPoint\",\"urlTemplate\":\"https:\\\/\\\/mariposaholidays.com\\\/?s={search_term_string}\"},\"query-input\":{\"@type\":\"PropertyValueSpecification\",\"valueRequired\":true,\"valueName\":\"search_term_string\"}}],\"inLanguage\":\"es\"},{\"@type\":\"Organization\",\"@id\":\"https:\\\/\\\/mariposaholidays.com\\\/#organization\",\"name\":\"Mariposa Holidays\",\"url\":\"https:\\\/\\\/mariposaholidays.com\\\/\",\"logo\":{\"@type\":\"ImageObject\",\"inLanguage\":\"es\",\"@id\":\"https:\\\/\\\/mariposaholidays.com\\\/#\\\/schema\\\/logo\\\/image\\\/\",\"url\":\"https:\\\/\\\/mariposaholidays.com\\\/wp-content\\\/uploads\\\/2017\\\/01\\\/Mariposa-29-kleiner.jpg\",\"contentUrl\":\"https:\\\/\\\/mariposaholidays.com\\\/wp-content\\\/uploads\\\/2017\\\/01\\\/Mariposa-29-kleiner.jpg\",\"width\":1500,\"height\":1000,\"caption\":\"Mariposa Holidays\"},\"image\":{\"@id\":\"https:\\\/\\\/mariposaholidays.com\\\/#\\\/schema\\\/logo\\\/image\\\/\"},\"sameAs\":[\"https:\\\/\\\/www.facebook.com\\\/mariposaholidays\\\/\"]}]}<\/script>\n<!-- \/ Yoast SEO plugin. -->","yoast_head_json":{"title":"Contacto - Mariposa Holidays","description":"Contacte con Mariposa Holidays en Nerja, Espa\u00f1a. Llame a Katti o Rob, env\u00ede un correo electr\u00f3nico o visite nuestras hermosas casas de vacaciones con impresionantes vistas al mar.","robots":{"index":"index","follow":"follow","max-snippet":"max-snippet:-1","max-image-preview":"max-image-preview:large","max-video-preview":"max-video-preview:-1"},"canonical":"https:\/\/mariposaholidays.com\/es\/contact\/","og_locale":"es_ES","og_type":"article","og_title":"Contact - Mariposa Holidays","og_description":"Contact Mariposa Holidays in Nerja, Spain. Call Katti or Rob, send an email, or visit our beautiful holiday homes with stunning sea views.","og_url":"https:\/\/mariposaholidays.com\/es\/contact\/","og_site_name":"Mariposa Holidays","article_publisher":"https:\/\/www.facebook.com\/mariposaholidays\/","article_modified_time":"2025-03-04T13:59:31+00:00","og_image":[{"width":1030,"height":579,"url":"https:\/\/mariposaholidays.com\/wp-content\/uploads\/2025\/01\/a-124-1030x579.jpg","type":"image\/jpeg"}],"twitter_card":"summary_large_image","twitter_misc":{"Tiempo de lectura":"1 minuto"},"schema":{"@context":"https:\/\/schema.org","@graph":[{"@type":"WebPage","@id":"https:\/\/mariposaholidays.com\/contact\/","url":"https:\/\/mariposaholidays.com\/contact\/","name":"Contacto - Mariposa Holidays","isPartOf":{"@id":"https:\/\/mariposaholidays.com\/#website"},"primaryImageOfPage":{"@id":"https:\/\/mariposaholidays.com\/contact\/#primaryimage"},"image":{"@id":"https:\/\/mariposaholidays.com\/contact\/#primaryimage"},"thumbnailUrl":"https:\/\/mariposaholidays.com\/wp-content\/uploads\/2025\/01\/a-124-1030x579.jpg","datePublished":"2025-03-04T10:45:54+00:00","dateModified":"2025-03-04T13:59:31+00:00","description":"Contacte con Mariposa Holidays en Nerja, Espa\u00f1a. Llame a Katti o Rob, env\u00ede un correo electr\u00f3nico o visite nuestras hermosas casas de vacaciones con impresionantes vistas al mar.","breadcrumb":{"@id":"https:\/\/mariposaholidays.com\/contact\/#breadcrumb"},"inLanguage":"es","potentialAction":[{"@type":"ReadAction","target":["https:\/\/mariposaholidays.com\/contact\/"]}]},{"@type":"ImageObject","inLanguage":"es","@id":"https:\/\/mariposaholidays.com\/contact\/#primaryimage","url":"https:\/\/mariposaholidays.com\/wp-content\/uploads\/2025\/01\/a-124-1030x579.jpg","contentUrl":"https:\/\/mariposaholidays.com\/wp-content\/uploads\/2025\/01\/a-124-1030x579.jpg"},{"@type":"BreadcrumbList","@id":"https:\/\/mariposaholidays.com\/contact\/#breadcrumb","itemListElement":[{"@type":"ListItem","position":1,"name":"Home","item":"https:\/\/mariposaholidays.com\/"},{"@type":"ListItem","position":2,"name":"Contact"}]},{"@type":"WebSite","@id":"https:\/\/mariposaholidays.com\/#website","url":"https:\/\/mariposaholidays.com\/","name":"Mariposa Holidays","description":"Ferienh\u00e4user im Paradies mit traumhaften Meerblick","publisher":{"@id":"https:\/\/mariposaholidays.com\/#organization"},"potentialAction":[{"@type":"SearchAction","target":{"@type":"EntryPoint","urlTemplate":"https:\/\/mariposaholidays.com\/?s={search_term_string}"},"query-input":{"@type":"PropertyValueSpecification","valueRequired":true,"valueName":"search_term_string"}}],"inLanguage":"es"},{"@type":"Organization","@id":"https:\/\/mariposaholidays.com\/#organization","name":"Mariposa Holidays","url":"https:\/\/mariposaholidays.com\/","logo":{"@type":"ImageObject","inLanguage":"es","@id":"https:\/\/mariposaholidays.com\/#\/schema\/logo\/image\/","url":"https:\/\/mariposaholidays.com\/wp-content\/uploads\/2017\/01\/Mariposa-29-kleiner.jpg","contentUrl":"https:\/\/mariposaholidays.com\/wp-content\/uploads\/2017\/01\/Mariposa-29-kleiner.jpg","width":1500,"height":1000,"caption":"Mariposa Holidays"},"image":{"@id":"https:\/\/mariposaholidays.com\/#\/schema\/logo\/image\/"},"sameAs":["https:\/\/www.facebook.com\/mariposaholidays\/"]}]}},"_links":{"self":[{"href":"https:\/\/mariposaholidays.com\/es\/wp-json\/wp\/v2\/pages\/1889","targetHints":{"allow":["GET"]}}],"collection":[{"href":"https:\/\/mariposaholidays.com\/es\/wp-json\/wp\/v2\/pages"}],"about":[{"href":"https:\/\/mariposaholidays.com\/es\/wp-json\/wp\/v2\/types\/page"}],"author":[{"embeddable":true,"href":"https:\/\/mariposaholidays.com\/es\/wp-json\/wp\/v2\/users\/4"}],"replies":[{"embeddable":true,"href":"https:\/\/mariposaholidays.com\/es\/wp-json\/wp\/v2\/comments?post=1889"}],"version-history":[{"count":5,"href":"https:\/\/mariposaholidays.com\/es\/wp-json\/wp\/v2\/pages\/1889\/revisions"}],"predecessor-version":[{"id":1987,"href":"https:\/\/mariposaholidays.com\/es\/wp-json\/wp\/v2\/pages\/1889\/revisions\/1987"}],"wp:attachment":[{"href":"https:\/\/mariposaholidays.com\/es\/wp-json\/wp\/v2\/media?parent=1889"}],"curies":[{"name":"wp","href":"https:\/\/api.w.org\/{rel}","templated":true}]}}