{"id":1482,"date":"2024-05-01T12:39:31","date_gmt":"2024-05-01T10:39:31","guid":{"rendered":"https:\/\/mariposaholidays.com\/wpbc-my-booking\/"},"modified":"2024-05-01T12:39:31","modified_gmt":"2024-05-01T10:39:31","slug":"wpbc-my-booking","status":"publish","type":"page","link":"https:\/\/mariposaholidays.com\/es\/wpbc-my-booking\/","title":{"rendered":"My Booking"},"content":{"rendered":"Solo se puede acceder a esta p\u00e1gina a trav\u00e9s de los enlaces que aparecen en los correos electr\u00f3nicos relacionados con tu reserva. <br\/><em>Please check more about configuration at  <a href=\"https:\/\/wpbookingcalendar.com\/faq\/configure-editing-cancel-payment-bookings-for-visitors\/\" target=\"_blank\">this page<\/a>.<\/em>","protected":false},"excerpt":{"rendered":"","protected":false},"author":1,"featured_media":0,"parent":0,"menu_order":0,"comment_status":"closed","ping_status":"closed","template":"","meta":{"footnotes":""},"class_list":["post-1482","page","type-page","status-publish","hentry"],"yoast_head":"<!-- This site is optimized with the Yoast SEO plugin v27.5 - https:\/\/yoast.com\/product\/yoast-seo-wordpress\/ -->\n<title>My Booking - Mariposa Holidays<\/title>\n<meta name=\"robots\" content=\"index, follow, max-snippet:-1, max-image-preview:large, max-video-preview:-1\" \/>\n<link rel=\"canonical\" href=\"https:\/\/mariposaholidays.com\/es\/wpbc-my-booking\/\" \/>\n<meta property=\"og:locale\" content=\"es_ES\" \/>\n<meta property=\"og:type\" content=\"article\" \/>\n<meta property=\"og:title\" content=\"My Booking - Mariposa Holidays\" \/>\n<meta property=\"og:url\" content=\"https:\/\/mariposaholidays.com\/es\/wpbc-my-booking\/\" \/>\n<meta property=\"og:site_name\" content=\"Mariposa Holidays\" \/>\n<meta property=\"article:publisher\" content=\"https:\/\/www.facebook.com\/mariposaholidays\/\" \/>\n<meta name=\"twitter:card\" content=\"summary_large_image\" \/>\n<script type=\"application\/ld+json\" class=\"yoast-schema-graph\">{\"@context\":\"https:\\\/\\\/schema.org\",\"@graph\":[{\"@type\":\"WebPage\",\"@id\":\"https:\\\/\\\/mariposaholidays.com\\\/wpbc-my-booking\\\/\",\"url\":\"https:\\\/\\\/mariposaholidays.com\\\/wpbc-my-booking\\\/\",\"name\":\"My Booking - Mariposa Holidays\",\"isPartOf\":{\"@id\":\"https:\\\/\\\/mariposaholidays.com\\\/#website\"},\"datePublished\":\"2024-05-01T10:39:31+00:00\",\"breadcrumb\":{\"@id\":\"https:\\\/\\\/mariposaholidays.com\\\/wpbc-my-booking\\\/#breadcrumb\"},\"inLanguage\":\"es\",\"potentialAction\":[{\"@type\":\"ReadAction\",\"target\":[\"https:\\\/\\\/mariposaholidays.com\\\/wpbc-my-booking\\\/\"]}]},{\"@type\":\"BreadcrumbList\",\"@id\":\"https:\\\/\\\/mariposaholidays.com\\\/wpbc-my-booking\\\/#breadcrumb\",\"itemListElement\":[{\"@type\":\"ListItem\",\"position\":1,\"name\":\"Home\",\"item\":\"https:\\\/\\\/mariposaholidays.com\\\/\"},{\"@type\":\"ListItem\",\"position\":2,\"name\":\"My Booking\"}]},{\"@type\":\"WebSite\",\"@id\":\"https:\\\/\\\/mariposaholidays.com\\\/#website\",\"url\":\"https:\\\/\\\/mariposaholidays.com\\\/\",\"name\":\"Mariposa Holidays\",\"description\":\"Ferienh\u00e4user im Paradies mit traumhaften Meerblick\",\"publisher\":{\"@id\":\"https:\\\/\\\/mariposaholidays.com\\\/#organization\"},\"potentialAction\":[{\"@type\":\"SearchAction\",\"target\":{\"@type\":\"EntryPoint\",\"urlTemplate\":\"https:\\\/\\\/mariposaholidays.com\\\/?s={search_term_string}\"},\"query-input\":{\"@type\":\"PropertyValueSpecification\",\"valueRequired\":true,\"valueName\":\"search_term_string\"}}],\"inLanguage\":\"es\"},{\"@type\":\"Organization\",\"@id\":\"https:\\\/\\\/mariposaholidays.com\\\/#organization\",\"name\":\"Mariposa Holidays\",\"url\":\"https:\\\/\\\/mariposaholidays.com\\\/\",\"logo\":{\"@type\":\"ImageObject\",\"inLanguage\":\"es\",\"@id\":\"https:\\\/\\\/mariposaholidays.com\\\/#\\\/schema\\\/logo\\\/image\\\/\",\"url\":\"https:\\\/\\\/mariposaholidays.com\\\/wp-content\\\/uploads\\\/2017\\\/01\\\/Mariposa-29-kleiner.jpg\",\"contentUrl\":\"https:\\\/\\\/mariposaholidays.com\\\/wp-content\\\/uploads\\\/2017\\\/01\\\/Mariposa-29-kleiner.jpg\",\"width\":1500,\"height\":1000,\"caption\":\"Mariposa Holidays\"},\"image\":{\"@id\":\"https:\\\/\\\/mariposaholidays.com\\\/#\\\/schema\\\/logo\\\/image\\\/\"},\"sameAs\":[\"https:\\\/\\\/www.facebook.com\\\/mariposaholidays\\\/\"]}]}<\/script>\n<!-- \/ Yoast SEO plugin. -->","yoast_head_json":{"title":"My Booking - Mariposa Holidays","robots":{"index":"index","follow":"follow","max-snippet":"max-snippet:-1","max-image-preview":"max-image-preview:large","max-video-preview":"max-video-preview:-1"},"canonical":"https:\/\/mariposaholidays.com\/es\/wpbc-my-booking\/","og_locale":"es_ES","og_type":"article","og_title":"My Booking - Mariposa Holidays","og_url":"https:\/\/mariposaholidays.com\/es\/wpbc-my-booking\/","og_site_name":"Mariposa Holidays","article_publisher":"https:\/\/www.facebook.com\/mariposaholidays\/","twitter_card":"summary_large_image","schema":{"@context":"https:\/\/schema.org","@graph":[{"@type":"WebPage","@id":"https:\/\/mariposaholidays.com\/wpbc-my-booking\/","url":"https:\/\/mariposaholidays.com\/wpbc-my-booking\/","name":"My Booking - Mariposa Holidays","isPartOf":{"@id":"https:\/\/mariposaholidays.com\/#website"},"datePublished":"2024-05-01T10:39:31+00:00","breadcrumb":{"@id":"https:\/\/mariposaholidays.com\/wpbc-my-booking\/#breadcrumb"},"inLanguage":"es","potentialAction":[{"@type":"ReadAction","target":["https:\/\/mariposaholidays.com\/wpbc-my-booking\/"]}]},{"@type":"BreadcrumbList","@id":"https:\/\/mariposaholidays.com\/wpbc-my-booking\/#breadcrumb","itemListElement":[{"@type":"ListItem","position":1,"name":"Home","item":"https:\/\/mariposaholidays.com\/"},{"@type":"ListItem","position":2,"name":"My Booking"}]},{"@type":"WebSite","@id":"https:\/\/mariposaholidays.com\/#website","url":"https:\/\/mariposaholidays.com\/","name":"Mariposa Holidays","description":"Ferienh\u00e4user im Paradies mit traumhaften Meerblick","publisher":{"@id":"https:\/\/mariposaholidays.com\/#organization"},"potentialAction":[{"@type":"SearchAction","target":{"@type":"EntryPoint","urlTemplate":"https:\/\/mariposaholidays.com\/?s={search_term_string}"},"query-input":{"@type":"PropertyValueSpecification","valueRequired":true,"valueName":"search_term_string"}}],"inLanguage":"es"},{"@type":"Organization","@id":"https:\/\/mariposaholidays.com\/#organization","name":"Mariposa Holidays","url":"https:\/\/mariposaholidays.com\/","logo":{"@type":"ImageObject","inLanguage":"es","@id":"https:\/\/mariposaholidays.com\/#\/schema\/logo\/image\/","url":"https:\/\/mariposaholidays.com\/wp-content\/uploads\/2017\/01\/Mariposa-29-kleiner.jpg","contentUrl":"https:\/\/mariposaholidays.com\/wp-content\/uploads\/2017\/01\/Mariposa-29-kleiner.jpg","width":1500,"height":1000,"caption":"Mariposa Holidays"},"image":{"@id":"https:\/\/mariposaholidays.com\/#\/schema\/logo\/image\/"},"sameAs":["https:\/\/www.facebook.com\/mariposaholidays\/"]}]}},"_links":{"self":[{"href":"https:\/\/mariposaholidays.com\/es\/wp-json\/wp\/v2\/pages\/1482","targetHints":{"allow":["GET"]}}],"collection":[{"href":"https:\/\/mariposaholidays.com\/es\/wp-json\/wp\/v2\/pages"}],"about":[{"href":"https:\/\/mariposaholidays.com\/es\/wp-json\/wp\/v2\/types\/page"}],"author":[{"embeddable":true,"href":"https:\/\/mariposaholidays.com\/es\/wp-json\/wp\/v2\/users\/1"}],"replies":[{"embeddable":true,"href":"https:\/\/mariposaholidays.com\/es\/wp-json\/wp\/v2\/comments?post=1482"}],"version-history":[{"count":0,"href":"https:\/\/mariposaholidays.com\/es\/wp-json\/wp\/v2\/pages\/1482\/revisions"}],"wp:attachment":[{"href":"https:\/\/mariposaholidays.com\/es\/wp-json\/wp\/v2\/media?parent=1482"}],"curies":[{"name":"wp","href":"https:\/\/api.w.org\/{rel}","templated":true}]}}