{"id":1876,"date":"2025-03-04T12:34:55","date_gmt":"2025-03-04T10:34:55","guid":{"rendered":"https:\/\/mariposaholidays.com\/?page_id=1876"},"modified":"2025-12-23T07:01:00","modified_gmt":"2025-12-23T05:01:00","slug":"about-us","status":"publish","type":"page","link":"https:\/\/mariposaholidays.com\/de\/about-us\/","title":{"rendered":"\u00dcber uns"},"content":{"rendered":"<div data-elementor-type=\"wp-page\" data-elementor-id=\"1876\" class=\"elementor elementor-1876\" data-elementor-post-type=\"page\">\n\t\t\t\t<div class=\"elementor-element elementor-element-f810f36 e-flex e-con-boxed e-con e-parent\" data-id=\"f810f36\" data-element_type=\"container\" data-e-type=\"container\" data-settings=\"{&quot;background_background&quot;:&quot;classic&quot;}\">\n\t\t\t\t\t<div class=\"e-con-inner\">\n\t\t<div class=\"elementor-element elementor-element-2d54eb5 e-con-full e-flex e-con e-child\" data-id=\"2d54eb5\" data-element_type=\"container\" data-e-type=\"container\">\n\t\t<div class=\"elementor-element elementor-element-75b56b4 e-con-full e-flex e-con e-child\" data-id=\"75b56b4\" data-element_type=\"container\" data-e-type=\"container\">\n\t\t\t\t<div class=\"elementor-element elementor-element-42d06c3 elementor-widget elementor-widget-heading\" data-id=\"42d06c3\" data-element_type=\"widget\" data-e-type=\"widget\" data-widget_type=\"heading.default\">\n\t\t\t\t<div class=\"elementor-widget-container\">\n\t\t\t\t\t<h1 class=\"elementor-heading-title elementor-size-default\">\u00dcber uns<\/h1>\t\t\t\t<\/div>\n\t\t\t\t<\/div>\n\t\t\t\t<div class=\"elementor-element elementor-element-a6f7bd2 elementor-widget elementor-widget-text-editor\" data-id=\"a6f7bd2\" data-element_type=\"widget\" data-e-type=\"widget\" data-widget_type=\"text-editor.default\">\n\t\t\t\t<div class=\"elementor-widget-container\">\n\t\t\t\t\t\t\t\t\tEin Zuhause an der Costa Tropical, gebaut mit Liebe und Leidenschaft.\n\n\n\n\n\n\n\n\t\t\t\t\t\t\t\t<\/div>\n\t\t\t\t<\/div>\n\t\t\t\t<\/div>\n\t\t<div class=\"elementor-element elementor-element-dada3e7 e-con-full e-flex e-con e-child\" data-id=\"dada3e7\" data-element_type=\"container\" data-e-type=\"container\">\n\t\t\t\t<div class=\"elementor-element elementor-element-a04799b elementor-align-left elementor-mobile-align-justify elementor-widget-mobile__width-inherit elementor-widget elementor-widget-button\" data-id=\"a04799b\" data-element_type=\"widget\" data-e-type=\"widget\" data-widget_type=\"button.default\">\n\t\t\t\t<div class=\"elementor-widget-container\">\n\t\t\t\t\t\t\t\t\t<div class=\"elementor-button-wrapper\">\n\t\t\t\t\t<a class=\"elementor-button elementor-size-sm\" role=\"button\">\n\t\t\t\t\t\t<span class=\"elementor-button-content-wrapper\">\n\t\t\t\t\t\t\t\t\t<span class=\"elementor-button-text\">Nehmen Sie Kontakt auf<\/span>\n\t\t\t\t\t<\/span>\n\t\t\t\t\t<\/a>\n\t\t\t\t<\/div>\n\t\t\t\t\t\t\t\t<\/div>\n\t\t\t\t<\/div>\n\t\t\t\t<\/div>\n\t\t\t\t<\/div>\n\t\t<div class=\"elementor-element elementor-element-bd185a3 e-con-full e-flex e-con e-child\" data-id=\"bd185a3\" data-element_type=\"container\" data-e-type=\"container\">\n\t\t\t\t<div class=\"elementor-element elementor-element-b6455c1 elementor-widget elementor-widget-image\" data-id=\"b6455c1\" data-element_type=\"widget\" data-e-type=\"widget\" data-widget_type=\"image.default\">\n\t\t\t\t<div class=\"elementor-widget-container\">\n\t\t\t\t\t\t\t\t\t\t\t\t\t\t\t<img fetchpriority=\"high\" decoding=\"async\" width=\"579\" height=\"1030\" src=\"https:\/\/mariposaholidays.com\/wp-content\/uploads\/2025\/01\/a-122-579x1030.jpg\" class=\"attachment-large size-large wp-image-1542\" alt=\"\" srcset=\"https:\/\/mariposaholidays.com\/wp-content\/uploads\/2025\/01\/a-122-579x1030.jpg 579w, https:\/\/mariposaholidays.com\/wp-content\/uploads\/2025\/01\/a-122-169x300.jpg 169w, https:\/\/mariposaholidays.com\/wp-content\/uploads\/2025\/01\/a-122-768x1365.jpg 768w, https:\/\/mariposaholidays.com\/wp-content\/uploads\/2025\/01\/a-122-864x1536.jpg 864w, https:\/\/mariposaholidays.com\/wp-content\/uploads\/2025\/01\/a-122-1152x2048.jpg 1152w, https:\/\/mariposaholidays.com\/wp-content\/uploads\/2025\/01\/a-122-844x1500.jpg 844w, https:\/\/mariposaholidays.com\/wp-content\/uploads\/2025\/01\/a-122-397x705.jpg 397w, https:\/\/mariposaholidays.com\/wp-content\/uploads\/2025\/01\/a-122-scaled.jpg 1440w\" sizes=\"(max-width: 579px) 100vw, 579px\" \/>\t\t\t\t\t\t\t\t\t\t\t\t\t\t\t<\/div>\n\t\t\t\t<\/div>\n\t\t\t\t<\/div>\n\t\t\t\t\t<\/div>\n\t\t\t\t<\/div>\n\t\t<div class=\"elementor-element elementor-element-2af279e e-flex e-con-boxed e-con e-parent\" data-id=\"2af279e\" data-element_type=\"container\" data-e-type=\"container\" data-settings=\"{&quot;background_background&quot;:&quot;classic&quot;}\">\n\t\t\t\t\t<div class=\"e-con-inner\">\n\t\t<div class=\"elementor-element elementor-element-c74d6bb e-con-full e-flex e-con e-child\" data-id=\"c74d6bb\" data-element_type=\"container\" data-e-type=\"container\">\n\t\t\t\t<div class=\"elementor-element elementor-element-2551955 elementor-widget elementor-widget-image\" data-id=\"2551955\" data-element_type=\"widget\" data-e-type=\"widget\" data-widget_type=\"image.default\">\n\t\t\t\t<div class=\"elementor-widget-container\">\n\t\t\t\t\t\t\t\t\t\t\t\t\t\t\t<img decoding=\"async\" width=\"800\" height=\"450\" src=\"https:\/\/mariposaholidays.com\/wp-content\/uploads\/2025\/01\/a-124-1030x579.jpg\" class=\"attachment-large size-large wp-image-1548\" alt=\"\" srcset=\"https:\/\/mariposaholidays.com\/wp-content\/uploads\/2025\/01\/a-124-1030x579.jpg 1030w, https:\/\/mariposaholidays.com\/wp-content\/uploads\/2025\/01\/a-124-300x169.jpg 300w, https:\/\/mariposaholidays.com\/wp-content\/uploads\/2025\/01\/a-124-768x432.jpg 768w, https:\/\/mariposaholidays.com\/wp-content\/uploads\/2025\/01\/a-124-1536x864.jpg 1536w, https:\/\/mariposaholidays.com\/wp-content\/uploads\/2025\/01\/a-124-2048x1152.jpg 2048w, https:\/\/mariposaholidays.com\/wp-content\/uploads\/2025\/01\/a-124-1500x844.jpg 1500w, https:\/\/mariposaholidays.com\/wp-content\/uploads\/2025\/01\/a-124-705x397.jpg 705w\" sizes=\"(max-width: 800px) 100vw, 800px\" \/>\t\t\t\t\t\t\t\t\t\t\t\t\t\t\t<\/div>\n\t\t\t\t<\/div>\n\t\t\t\t<\/div>\n\t\t<div class=\"elementor-element elementor-element-106f90c e-con-full e-flex e-con e-child\" data-id=\"106f90c\" data-element_type=\"container\" data-e-type=\"container\">\n\t\t<div class=\"elementor-element elementor-element-7285f09 e-con-full e-flex e-con e-child\" data-id=\"7285f09\" data-element_type=\"container\" data-e-type=\"container\">\n\t\t\t\t<div class=\"elementor-element elementor-element-27f3e48 elementor-widget elementor-widget-heading\" data-id=\"27f3e48\" data-element_type=\"widget\" data-e-type=\"widget\" data-widget_type=\"heading.default\">\n\t\t\t\t<div class=\"elementor-widget-container\">\n\t\t\t\t\t<h2 class=\"elementor-heading-title elementor-size-default\">Unsere Geschichte<\/h2>\t\t\t\t<\/div>\n\t\t\t\t<\/div>\n\t\t\t\t<div class=\"elementor-element elementor-element-f4db994 elementor-widget elementor-widget-text-editor\" data-id=\"f4db994\" data-element_type=\"widget\" data-e-type=\"widget\" data-widget_type=\"text-editor.default\">\n\t\t\t\t<div class=\"elementor-widget-container\">\n\t\t\t\t\t\t\t\t\t<p>Wir sind eine deutsch-holl\u00e4ndische Kombi und leben seit vielen Jahren an der Costa Tropical. Die Finca Mariposa ist unser Traum. Wir haben sie mit viel Liebe aufgebaut und wohnen auch auf dem Grundst\u00fcck. Wir freuen uns darauf, Sie an diesem wundersch\u00f6nen Ort begr\u00fc\u00dfen zu d\u00fcrfen und Ihnen mit Rat und Tat zur Seite zu stehen.<span class=\"Apple-converted-space\">\u00a0 <\/span>von Ausfl\u00fcgen.<\/p>\t\t\t\t\t\t\t\t<\/div>\n\t\t\t\t<\/div>\n\t\t\t\t<\/div>\n\t\t\t\t<\/div>\n\t\t\t\t\t<\/div>\n\t\t\t\t<\/div>\n\t\t\t\t<\/div>","protected":false},"excerpt":{"rendered":"<p>About us A home away from home on the Costa Tropical, built with love and passion. Get in contact Our story We are a Dutch-German combi and have been living on the Costa Tropical for many years. The Finca Mariposa is our dream. We built it up with a lot of love and also live [&hellip;]<\/p>\n","protected":false},"author":4,"featured_media":0,"parent":0,"menu_order":0,"comment_status":"closed","ping_status":"closed","template":"elementor_header_footer","meta":{"footnotes":""},"class_list":["post-1876","page","type-page","status-publish","hentry"],"yoast_head":"<!-- This site is optimized with the Yoast SEO plugin v27.3 - https:\/\/yoast.com\/product\/yoast-seo-wordpress\/ -->\n<title>About us - Mariposa Holidays<\/title>\n<meta name=\"description\" content=\"Escape to the beautiful Costa Tropical and stay at Finca Mariposa. A charming retreat, lovingly built by a Dutch-German couple. Enjoy tranquility, nature, and personalized tips for excursions. Book your stay now!\" \/>\n<meta name=\"robots\" content=\"index, follow, max-snippet:-1, max-image-preview:large, max-video-preview:-1\" \/>\n<link rel=\"canonical\" href=\"https:\/\/mariposaholidays.com\/de\/about-us\/\" \/>\n<meta property=\"og:locale\" content=\"de_DE\" \/>\n<meta property=\"og:type\" content=\"article\" \/>\n<meta property=\"og:title\" content=\"About us - Mariposa Holidays\" \/>\n<meta property=\"og:description\" content=\"Escape to the beautiful Costa Tropical and stay at Finca Mariposa. A charming retreat, lovingly built by a Dutch-German couple. Enjoy tranquility, nature, and personalized tips for excursions. Book your stay now!\" \/>\n<meta property=\"og:url\" content=\"https:\/\/mariposaholidays.com\/de\/about-us\/\" \/>\n<meta property=\"og:site_name\" content=\"Mariposa Holidays\" \/>\n<meta property=\"article:publisher\" content=\"https:\/\/www.facebook.com\/mariposaholidays\/\" \/>\n<meta property=\"article:modified_time\" content=\"2025-12-23T05:01:00+00:00\" \/>\n<meta property=\"og:image\" content=\"https:\/\/mariposaholidays.com\/wp-content\/uploads\/2025\/01\/a-122-579x1030.jpg\" \/>\n\t<meta property=\"og:image:width\" content=\"579\" \/>\n\t<meta property=\"og:image:height\" content=\"1030\" \/>\n\t<meta property=\"og:image:type\" content=\"image\/jpeg\" \/>\n<meta name=\"twitter:card\" content=\"summary_large_image\" \/>\n<meta name=\"twitter:label1\" content=\"Gesch\u00e4tzte Lesezeit\" \/>\n\t<meta name=\"twitter:data1\" content=\"1\u00a0Minute\" \/>\n<script type=\"application\/ld+json\" class=\"yoast-schema-graph\">{\"@context\":\"https:\\\/\\\/schema.org\",\"@graph\":[{\"@type\":\"WebPage\",\"@id\":\"https:\\\/\\\/mariposaholidays.com\\\/about-us\\\/\",\"url\":\"https:\\\/\\\/mariposaholidays.com\\\/about-us\\\/\",\"name\":\"About us - Mariposa Holidays\",\"isPartOf\":{\"@id\":\"https:\\\/\\\/mariposaholidays.com\\\/#website\"},\"primaryImageOfPage\":{\"@id\":\"https:\\\/\\\/mariposaholidays.com\\\/about-us\\\/#primaryimage\"},\"image\":{\"@id\":\"https:\\\/\\\/mariposaholidays.com\\\/about-us\\\/#primaryimage\"},\"thumbnailUrl\":\"https:\\\/\\\/mariposaholidays.com\\\/wp-content\\\/uploads\\\/2025\\\/01\\\/a-122-579x1030.jpg\",\"datePublished\":\"2025-03-04T10:34:55+00:00\",\"dateModified\":\"2025-12-23T05:01:00+00:00\",\"description\":\"Escape to the beautiful Costa Tropical and stay at Finca Mariposa. A charming retreat, lovingly built by a Dutch-German couple. Enjoy tranquility, nature, and personalized tips for excursions. Book your stay now!\",\"breadcrumb\":{\"@id\":\"https:\\\/\\\/mariposaholidays.com\\\/about-us\\\/#breadcrumb\"},\"inLanguage\":\"de\",\"potentialAction\":[{\"@type\":\"ReadAction\",\"target\":[\"https:\\\/\\\/mariposaholidays.com\\\/about-us\\\/\"]}]},{\"@type\":\"ImageObject\",\"inLanguage\":\"de\",\"@id\":\"https:\\\/\\\/mariposaholidays.com\\\/about-us\\\/#primaryimage\",\"url\":\"https:\\\/\\\/mariposaholidays.com\\\/wp-content\\\/uploads\\\/2025\\\/01\\\/a-122-579x1030.jpg\",\"contentUrl\":\"https:\\\/\\\/mariposaholidays.com\\\/wp-content\\\/uploads\\\/2025\\\/01\\\/a-122-579x1030.jpg\"},{\"@type\":\"BreadcrumbList\",\"@id\":\"https:\\\/\\\/mariposaholidays.com\\\/about-us\\\/#breadcrumb\",\"itemListElement\":[{\"@type\":\"ListItem\",\"position\":1,\"name\":\"Home\",\"item\":\"https:\\\/\\\/mariposaholidays.com\\\/\"},{\"@type\":\"ListItem\",\"position\":2,\"name\":\"About us\"}]},{\"@type\":\"WebSite\",\"@id\":\"https:\\\/\\\/mariposaholidays.com\\\/#website\",\"url\":\"https:\\\/\\\/mariposaholidays.com\\\/\",\"name\":\"Mariposa Holidays\",\"description\":\"Ferienh\u00e4user im Paradies mit traumhaften Meerblick\",\"publisher\":{\"@id\":\"https:\\\/\\\/mariposaholidays.com\\\/#organization\"},\"potentialAction\":[{\"@type\":\"SearchAction\",\"target\":{\"@type\":\"EntryPoint\",\"urlTemplate\":\"https:\\\/\\\/mariposaholidays.com\\\/?s={search_term_string}\"},\"query-input\":{\"@type\":\"PropertyValueSpecification\",\"valueRequired\":true,\"valueName\":\"search_term_string\"}}],\"inLanguage\":\"de\"},{\"@type\":\"Organization\",\"@id\":\"https:\\\/\\\/mariposaholidays.com\\\/#organization\",\"name\":\"Mariposa Holidays\",\"url\":\"https:\\\/\\\/mariposaholidays.com\\\/\",\"logo\":{\"@type\":\"ImageObject\",\"inLanguage\":\"de\",\"@id\":\"https:\\\/\\\/mariposaholidays.com\\\/#\\\/schema\\\/logo\\\/image\\\/\",\"url\":\"https:\\\/\\\/mariposaholidays.com\\\/wp-content\\\/uploads\\\/2017\\\/01\\\/Mariposa-29-kleiner.jpg\",\"contentUrl\":\"https:\\\/\\\/mariposaholidays.com\\\/wp-content\\\/uploads\\\/2017\\\/01\\\/Mariposa-29-kleiner.jpg\",\"width\":1500,\"height\":1000,\"caption\":\"Mariposa Holidays\"},\"image\":{\"@id\":\"https:\\\/\\\/mariposaholidays.com\\\/#\\\/schema\\\/logo\\\/image\\\/\"},\"sameAs\":[\"https:\\\/\\\/www.facebook.com\\\/mariposaholidays\\\/\"]}]}<\/script>\n<!-- \/ Yoast SEO plugin. -->","yoast_head_json":{"title":"\u00dcber uns - Mariposa Holidays","description":"Entfliehen Sie an die wundersch\u00f6ne Costa Tropical und wohnen Sie in der Finca Mariposa. Ein charmantes Refugium, liebevoll von einem deutsch-holl\u00e4ndischen Paar gebaut. Genie\u00dfen Sie Ruhe, Natur und pers\u00f6nliche Tipps f\u00fcr Ausfl\u00fcge. Buchen Sie jetzt Ihren Aufenthalt!","robots":{"index":"index","follow":"follow","max-snippet":"max-snippet:-1","max-image-preview":"max-image-preview:large","max-video-preview":"max-video-preview:-1"},"canonical":"https:\/\/mariposaholidays.com\/de\/about-us\/","og_locale":"de_DE","og_type":"article","og_title":"About us - Mariposa Holidays","og_description":"Escape to the beautiful Costa Tropical and stay at Finca Mariposa. A charming retreat, lovingly built by a Dutch-German couple. Enjoy tranquility, nature, and personalized tips for excursions. Book your stay now!","og_url":"https:\/\/mariposaholidays.com\/de\/about-us\/","og_site_name":"Mariposa Holidays","article_publisher":"https:\/\/www.facebook.com\/mariposaholidays\/","article_modified_time":"2025-12-23T05:01:00+00:00","og_image":[{"width":579,"height":1030,"url":"https:\/\/mariposaholidays.com\/wp-content\/uploads\/2025\/01\/a-122-579x1030.jpg","type":"image\/jpeg"}],"twitter_card":"summary_large_image","twitter_misc":{"Gesch\u00e4tzte Lesezeit":"1\u00a0Minute"},"schema":{"@context":"https:\/\/schema.org","@graph":[{"@type":"WebPage","@id":"https:\/\/mariposaholidays.com\/about-us\/","url":"https:\/\/mariposaholidays.com\/about-us\/","name":"\u00dcber uns - Mariposa Holidays","isPartOf":{"@id":"https:\/\/mariposaholidays.com\/#website"},"primaryImageOfPage":{"@id":"https:\/\/mariposaholidays.com\/about-us\/#primaryimage"},"image":{"@id":"https:\/\/mariposaholidays.com\/about-us\/#primaryimage"},"thumbnailUrl":"https:\/\/mariposaholidays.com\/wp-content\/uploads\/2025\/01\/a-122-579x1030.jpg","datePublished":"2025-03-04T10:34:55+00:00","dateModified":"2025-12-23T05:01:00+00:00","description":"Entfliehen Sie an die wundersch\u00f6ne Costa Tropical und wohnen Sie in der Finca Mariposa. Ein charmantes Refugium, liebevoll von einem deutsch-holl\u00e4ndischen Paar gebaut. Genie\u00dfen Sie Ruhe, Natur und pers\u00f6nliche Tipps f\u00fcr Ausfl\u00fcge. Buchen Sie jetzt Ihren Aufenthalt!","breadcrumb":{"@id":"https:\/\/mariposaholidays.com\/about-us\/#breadcrumb"},"inLanguage":"de","potentialAction":[{"@type":"ReadAction","target":["https:\/\/mariposaholidays.com\/about-us\/"]}]},{"@type":"ImageObject","inLanguage":"de","@id":"https:\/\/mariposaholidays.com\/about-us\/#primaryimage","url":"https:\/\/mariposaholidays.com\/wp-content\/uploads\/2025\/01\/a-122-579x1030.jpg","contentUrl":"https:\/\/mariposaholidays.com\/wp-content\/uploads\/2025\/01\/a-122-579x1030.jpg"},{"@type":"BreadcrumbList","@id":"https:\/\/mariposaholidays.com\/about-us\/#breadcrumb","itemListElement":[{"@type":"ListItem","position":1,"name":"Home","item":"https:\/\/mariposaholidays.com\/"},{"@type":"ListItem","position":2,"name":"About us"}]},{"@type":"WebSite","@id":"https:\/\/mariposaholidays.com\/#website","url":"https:\/\/mariposaholidays.com\/","name":"Mariposa Holidays","description":"Ferienh\u00e4user im Paradies mit traumhaftem Meerblick","publisher":{"@id":"https:\/\/mariposaholidays.com\/#organization"},"potentialAction":[{"@type":"SearchAction","target":{"@type":"EntryPoint","urlTemplate":"https:\/\/mariposaholidays.com\/?s={search_term_string}"},"query-input":{"@type":"PropertyValueSpecification","valueRequired":true,"valueName":"search_term_string"}}],"inLanguage":"de"},{"@type":"Organization","@id":"https:\/\/mariposaholidays.com\/#organization","name":"Mariposa Holidays","url":"https:\/\/mariposaholidays.com\/","logo":{"@type":"ImageObject","inLanguage":"de","@id":"https:\/\/mariposaholidays.com\/#\/schema\/logo\/image\/","url":"https:\/\/mariposaholidays.com\/wp-content\/uploads\/2017\/01\/Mariposa-29-kleiner.jpg","contentUrl":"https:\/\/mariposaholidays.com\/wp-content\/uploads\/2017\/01\/Mariposa-29-kleiner.jpg","width":1500,"height":1000,"caption":"Mariposa Holidays"},"image":{"@id":"https:\/\/mariposaholidays.com\/#\/schema\/logo\/image\/"},"sameAs":["https:\/\/www.facebook.com\/mariposaholidays\/"]}]}},"_links":{"self":[{"href":"https:\/\/mariposaholidays.com\/de\/wp-json\/wp\/v2\/pages\/1876","targetHints":{"allow":["GET"]}}],"collection":[{"href":"https:\/\/mariposaholidays.com\/de\/wp-json\/wp\/v2\/pages"}],"about":[{"href":"https:\/\/mariposaholidays.com\/de\/wp-json\/wp\/v2\/types\/page"}],"author":[{"embeddable":true,"href":"https:\/\/mariposaholidays.com\/de\/wp-json\/wp\/v2\/users\/4"}],"replies":[{"embeddable":true,"href":"https:\/\/mariposaholidays.com\/de\/wp-json\/wp\/v2\/comments?post=1876"}],"version-history":[{"count":5,"href":"https:\/\/mariposaholidays.com\/de\/wp-json\/wp\/v2\/pages\/1876\/revisions"}],"predecessor-version":[{"id":2222,"href":"https:\/\/mariposaholidays.com\/de\/wp-json\/wp\/v2\/pages\/1876\/revisions\/2222"}],"wp:attachment":[{"href":"https:\/\/mariposaholidays.com\/de\/wp-json\/wp\/v2\/media?parent=1876"}],"curies":[{"name":"wp","href":"https:\/\/api.w.org\/{rel}","templated":true}]}}